{"id":16,"date":"2018-06-10T17:27:30","date_gmt":"2018-06-10T17:27:30","guid":{"rendered":"https:\/\/assos.utc.fr\/caccarotte\/?page_id=16"},"modified":"2025-09-26T09:32:29","modified_gmt":"2025-09-26T09:32:29","slug":"presentation","status":"publish","type":"page","link":"https:\/\/assos.utc.fr\/nutrition\/presentation\/","title":{"rendered":"Pr\u00e9sentation"},"content":{"rendered":"<div style=\"width: 960px;\" class=\"wp-video\"><!--[if lt IE 9]><script>document.createElement('video');<\/script><![endif]-->\n<video class=\"wp-video-shortcode\" id=\"video-16-1\" width=\"960\" height=\"540\" poster=\"https:\/\/assos.utc.fr\/caccarotte\/wp-content\/uploads\/2022\/03\/image1.png\" preload=\"metadata\" controls=\"controls\"><source type=\"video\/mp4\" src=\"https:\/\/assos.utc.fr\/caccarotte\/wp-content\/uploads\/2022\/03\/vid\u00e9o-de-pr\u00e9sentation.mp4?_=1\" \/><a href=\"https:\/\/assos.utc.fr\/caccarotte\/wp-content\/uploads\/2022\/03\/vid\u00e9o-de-pr\u00e9sentation.mp4\">https:\/\/assos.utc.fr\/caccarotte\/wp-content\/uploads\/2022\/03\/vid\u00e9o-de-pr\u00e9sentation.mp4<\/a><\/video><\/div>\n<h3><strong>N&rsquo;UTrition est une commission du P\u00f4le Solidarit\u00e9 Et Citoyennet\u00e9 (PSEC) de l\u2019Universit\u00e9 de Technologie de Compi\u00e8gne (UTC).<\/strong><\/h3>\n<p><span style=\"font-weight: 400;\">N\u2019UTrition est une association utc\u00e9enne qui \u0153uvre \u00e0 une alimentation plus durable et plus raisonn\u00e9e, pour tous les \u00e9tudiants de l&rsquo;UTC.<\/span><\/p>\n<p><span style=\"font-weight: 400;\">L&rsquo;association est n\u00e9e en f\u00e9vrier 2022 \u00e0 la suite d\u2019un projet de l\u2019UV d\u2019intersemestre DD01. L\u2019id\u00e9e \u00e9tait de regrouper trois initiatives d\u00e9j\u00e0 existantes (les associations Avocarotte, Cac\u2019carotte et le projet de vente en vrac de Compi\u00e8gne en Transition) qui avaient, selon nous, des valeurs communes : le v\u00e9g\u00e9tarisme et le v\u00e9ganisme, l\u2019envie de manger mieux, de consommer autrement, de contr\u00f4ler un peu plus ce qui arrive dans notre assiette, et ce de mani\u00e8re la plus respectueuse de l\u2019environnement et \u00e9thique possible.<\/span><\/p>\n<p>Comme vous l&rsquo;avez vu dans la vid\u00e9o, N\u2019UTrition se constitue de deux p\u00f4les : le p\u00f4le\u00a0<b>Nutrition<\/b>\u00a0et le p\u00f4le\u00a0<b>Di\u00e9t\u00e9tique<\/b>.<\/p>\n<ul>\n<li>Le p\u00f4le <strong>Nutrition<\/strong> te propose des ventes de produits d\u2019\u00e9piceries, de fruits et l\u00e9gumes de producteurs locaux et bio.<\/li>\n<li>Le p\u00f4le <strong>Di\u00e9t\u00e9tique<\/strong>\u00a0organisera des ateliers animations et recettes pour aider les \u00e9tudiants \u00e0 changer leurs modes de consommation.<\/li>\n<\/ul>\n<h2>Nos engagements :<\/h2>\n<p>Nous nous engageons pour l\u2019environnement en pr\u00e9f\u00e9rant une alimentation :<\/p>\n<ul>\n<li><span style=\"font-weight: 400;\"><strong>Le plus de bio possible<\/strong>, pour bannir les OGM et les produits chimiques de synth\u00e8se et ainsi consommer des produits de meilleure qualit\u00e9 et meilleurs pour la sant\u00e9.<\/span><\/li>\n<li><span style=\"font-weight: 400;\"><strong>Locale<\/strong> pour \u00e9viter les d\u00e9placements qui consomment beaucoup et aider les petits commer\u00e7ants locaux.<\/span><\/li>\n<li><span style=\"font-weight: 400;\"><strong>R\u00e9duire les emballages <\/strong>pour se sensibiliser \u00e0 une consommation qui produit moins de d\u00e9chets.\u00a0<\/span><\/li>\n<li><strong>Respectueuse du bien-\u00eatre animal<\/strong>, qui est\u00a0<span style=\"font-weight: 400;\">malheureusement trop souvent mis de c\u00f4t\u00e9 au profit de la productivit\u00e9 et du rendement aujourd&rsquo;hui.<\/span><\/li>\n<li><strong>V\u00e9g\u00e9tarienne<\/strong> pour r\u00e9duire l&#8217;empreinte carbone de notre consommation.<\/li>\n<\/ul>\n<p><span style=\"font-weight: 400;\">Ce projet est aussi et surtout destin\u00e9 aux \u00e9tudiants de l\u2019UTC, c\u2019est pourquoi nous avons pris en compte les enjeux de l\u2019alimentation \u00e9tudiante : accessible financi\u00e8rement.<\/span><\/p>\n<h2>Nos objectifs :<\/h2>\n<p><span style=\"font-weight: 400;\">C\u2019est un beau projet, mais que faisons-nous concr\u00e8tement ? Nous avons plusieurs objectifs pour toi ce semestre : <\/span><\/p>\n<ul>\n<li><span style=\"font-weight: 400;\">Via le p\u00f4le <strong>Nutrition<\/strong> : Organiser une vente de fruits, l\u00e9gumes et produits d\u2019\u00e9picerie bio et locaux. Tous les produits vendus sont bio et locaux, les fruits et l\u00e9gumes viennent de l\u2019Oise et les produits d\u2019\u00e9picerie (riz, couscous, p\u00e2tes, lentilles et granola) sont fran\u00e7ais. Sur tous nos produits, nous avons directement des r\u00e9ductions \u00e9tudiantes et l\u2019association ne fait aucun b\u00e9n\u00e9fice : tu ne trouveras donc pas moins cher ailleurs pour la m\u00eame qualit\u00e9 de produit ! \ud83d\ude09\u00a0<\/span><\/li>\n<li><span style=\"font-weight: 400;\">Via le p\u00f4le <strong>Di\u00e9t\u00e9tique<\/strong> : Proposer des ateliers cuisine, des recettes v\u00e9g\u00e9tariennes et v\u00e9ganes, des interviews de professionnels (agriculteurs, boulangers, m\u00e9decins, di\u00e9t\u00e9ticiens et autres) mais aussi des discussions et des d\u00e9bats autour de th\u00e9matiques qui nous tiennent \u00e0 c\u0153ur. Si tu as envie de partager tes talents culinaires, tes envies, tes id\u00e9es et rencontrer d\u2019autres personnes qui ont envie de bouger comme toi, ces ateliers sont faits pour toi ! Ils seront tenus pour la majorit\u00e9 en pr\u00e9sentiel et des photos et r\u00e9capitulatifs seront publi\u00e9s sur les r\u00e9seaux sociaux et sur le site internet !\u00a0<\/span><\/li>\n<\/ul>\n<p align=\"justify\"><span style=\"font-weight: 400;\">Alors, tu rejoins l\u2019aventure?<\/span><\/p>\n<h2>\u00a0<\/h2>\n<h2>Producteurs et fournisseurs (un grand merci \u00e0 eux!)<\/h2>\n<ul>\n<li>L\u00e9gumes, Fruits et \u0152ufs : <a href=\"http:\/\/www.panierdes4saisons.com\/\">Le Jardin de Hautefontaine <\/a><\/li>\n<li>Pain :\u00a0<a href=\"https:\/\/producteurs.opendistrib.net\/lefournildesbocages\" target=\"_blank\" rel=\"noopener\">Le fournil des bocages<\/a><\/li>\n<li>Miel : <a href=\"https:\/\/www.facebook.com\/lemieldedamaris\/\">Le miel de Damaris<\/a><\/li>\n<li>Fromage : L&rsquo;Escale fromag\u00e8re<\/li>\n<li>Epice et th\u00e9 : <a href=\"https:\/\/www.epicesettous.fr\/\">Epices &amp; Tous<\/a><\/li>\n<li>Vrac : <a href=\"https:\/\/www.boite-a-bio.fr\/\" target=\"_blank\" rel=\"noopener\">La Boite \u00e0 Bio<\/a><\/li>\n<\/ul>\n\n\n<p><\/p>\n","protected":false},"excerpt":{"rendered":"<p>N&rsquo;UTrition est une commission du P\u00f4le Solidarit\u00e9 Et Citoyennet\u00e9 (PSEC) de l\u2019Universit\u00e9 de Technologie de Compi\u00e8gne (UTC). N\u2019UTrition est une association utc\u00e9enne qui \u0153uvre \u00e0 une alimentation plus durable et plus raisonn\u00e9e, pour tous les \u00e9tudiants de l&rsquo;UTC. L&rsquo;association est n\u00e9e en f\u00e9vrier 2022 \u00e0 la suite d\u2019un projet de l\u2019UV d\u2019intersemestre DD01. L\u2019id\u00e9e \u00e9tait de regrouper trois initiatives d\u00e9j\u00e0 existantes (les associations Avocarotte, Cac\u2019carotte et le projet de vente en vrac de Compi\u00e8gne en Transition) qui avaient, selon nous, des valeurs communes : le v\u00e9g\u00e9tarisme et le v\u00e9ganisme, l\u2019envie de manger mieux, de consommer autrement, de contr\u00f4ler un peu plus ce qui arrive dans notre assiette, et ce de mani\u00e8re la plus respectueuse de l\u2019environnement et \u00e9thique possible. Comme vous l&rsquo;avez vu dans la vid\u00e9o, N\u2019UTrition se constitue de deux p\u00f4les : le p\u00f4le\u00a0Nutrition\u00a0et le p\u00f4le\u00a0Di\u00e9t\u00e9tique. Le p\u00f4le Nutrition te propose des ventes de produits d\u2019\u00e9piceries, de fruits et l\u00e9gumes de producteurs locaux et bio. Le p\u00f4le Di\u00e9t\u00e9tique\u00a0organisera des ateliers animations et recettes pour aider les \u00e9tudiants \u00e0 changer leurs modes de consommation. Nos engagements : Nous nous engageons pour l\u2019environnement en pr\u00e9f\u00e9rant une alimentation : Le plus de bio possible, pour bannir les OGM et les produits chimiques de synth\u00e8se et ainsi consommer des produits de meilleure qualit\u00e9 et meilleurs pour la sant\u00e9. Locale pour \u00e9viter les d\u00e9placements qui consomment beaucoup et aider les petits commer\u00e7ants locaux. R\u00e9duire les emballages pour se sensibiliser \u00e0 une consommation qui produit moins de d\u00e9chets.\u00a0 Respectueuse du bien-\u00eatre animal, qui est\u00a0malheureusement trop souvent mis de c\u00f4t\u00e9 au profit de la productivit\u00e9 et du rendement aujourd&rsquo;hui. V\u00e9g\u00e9tarienne pour r\u00e9duire l&#8217;empreinte carbone de notre consommation. Ce projet est aussi et surtout destin\u00e9 aux \u00e9tudiants de l\u2019UTC, c\u2019est pourquoi nous avons pris en compte les enjeux de l\u2019alimentation \u00e9tudiante : accessible financi\u00e8rement. Nos objectifs : C\u2019est un beau projet, mais que faisons-nous concr\u00e8tement ? Nous avons plusieurs objectifs pour toi ce semestre : Via le p\u00f4le Nutrition : Organiser une vente de fruits, l\u00e9gumes et produits d\u2019\u00e9picerie bio et locaux. Tous les produits vendus sont bio et locaux, les fruits et l\u00e9gumes viennent de l\u2019Oise et les produits d\u2019\u00e9picerie (riz, couscous, p\u00e2tes, lentilles et granola) sont fran\u00e7ais. Sur tous nos produits, nous avons directement des r\u00e9ductions \u00e9tudiantes et l\u2019association ne fait aucun b\u00e9n\u00e9fice : tu ne trouveras donc pas moins cher ailleurs pour la m\u00eame qualit\u00e9 de produit ! \ud83d\ude09\u00a0 Via le p\u00f4le Di\u00e9t\u00e9tique : Proposer des ateliers cuisine, des recettes v\u00e9g\u00e9tariennes et v\u00e9ganes, des interviews de professionnels (agriculteurs, boulangers, m\u00e9decins, di\u00e9t\u00e9ticiens et autres) mais aussi des discussions et des d\u00e9bats autour de th\u00e9matiques qui nous tiennent \u00e0 c\u0153ur. Si tu as envie de partager tes talents culinaires, tes envies, tes id\u00e9es et rencontrer d\u2019autres personnes qui ont envie de bouger comme toi, ces ateliers sont faits pour toi ! Ils seront tenus pour la majorit\u00e9 en pr\u00e9sentiel et des photos et r\u00e9capitulatifs seront publi\u00e9s sur les r\u00e9seaux sociaux et sur le site internet !\u00a0 Alors, tu rejoins l\u2019aventure? \u00a0 Producteurs et fournisseurs (un grand merci \u00e0 eux!) L\u00e9gumes, Fruits et \u0152ufs : Le Jardin de Hautefontaine Pain :\u00a0Le fournil des bocages Miel : Le miel de Damaris Fromage : L&rsquo;Escale fromag\u00e8re Epice et th\u00e9 : Epices &amp; Tous Vrac : La Boite \u00e0 Bio<\/p>\n","protected":false},"author":2,"featured_media":0,"parent":0,"menu_order":0,"comment_status":"closed","ping_status":"closed","template":"","meta":{"footnotes":""},"class_list":["post-16","page","type-page","status-publish","hentry"],"_links":{"self":[{"href":"https:\/\/assos.utc.fr\/nutrition\/wp-json\/wp\/v2\/pages\/16","targetHints":{"allow":["GET"]}}],"collection":[{"href":"https:\/\/assos.utc.fr\/nutrition\/wp-json\/wp\/v2\/pages"}],"about":[{"href":"https:\/\/assos.utc.fr\/nutrition\/wp-json\/wp\/v2\/types\/page"}],"author":[{"embeddable":true,"href":"https:\/\/assos.utc.fr\/nutrition\/wp-json\/wp\/v2\/users\/2"}],"replies":[{"embeddable":true,"href":"https:\/\/assos.utc.fr\/nutrition\/wp-json\/wp\/v2\/comments?post=16"}],"version-history":[{"count":1,"href":"https:\/\/assos.utc.fr\/nutrition\/wp-json\/wp\/v2\/pages\/16\/revisions"}],"predecessor-version":[{"id":311,"href":"https:\/\/assos.utc.fr\/nutrition\/wp-json\/wp\/v2\/pages\/16\/revisions\/311"}],"wp:attachment":[{"href":"https:\/\/assos.utc.fr\/nutrition\/wp-json\/wp\/v2\/media?parent=16"}],"curies":[{"name":"wp","href":"https:\/\/api.w.org\/{rel}","templated":true}]}}