{"id":218,"date":"2022-03-27T16:57:16","date_gmt":"2022-03-27T16:57:16","guid":{"rendered":"https:\/\/assos.utc.fr\/caccarotte\/?page_id=218"},"modified":"2022-03-30T12:30:51","modified_gmt":"2022-03-30T12:30:51","slug":"animations","status":"publish","type":"page","link":"https:\/\/assos.utc.fr\/nutrition\/animations\/","title":{"rendered":"Animations"},"content":{"rendered":"<blockquote><p>\u00a0C&rsquo;est ici que tu vas trouver toutes les informations concernant les animations organis\u00e9es par N&rsquo;UTrition. Une team anim&rsquo; est l\u00e0 sp\u00e9cialement pour te proposer tout au long du semestre des ateliers, animations de tout genre et jeux autour de th\u00e9matiques qui nous tiennent \u00e0 coeur : La consommation raisonn\u00e9e, le v\u00e9g\u00e9tarianisme, le respect de l&rsquo;environnement, le bien-\u00eatre animal&#8230; Tu retrouveras sur cette m\u00eame page des r\u00e9capitulatifs, photos, vid\u00e9os et retours sur les animations qui ont \u00e9t\u00e9 faites!<\/p><\/blockquote>\n<p>&nbsp;<\/p>\n<hr \/>\n<h3><\/h3>\n<h3 style=\"text-align: center;\"><strong>LES ATELIERS CUISINE<\/strong><\/h3>\n<p><img loading=\"lazy\" decoding=\"async\" class=\"wp-image-231 aligncenter\" src=\"https:\/\/assos.utc.fr\/caccarotte\/wp-content\/uploads\/2022\/03\/man-cook-emoji-clipart-xl-300x300.png\" alt=\"\" width=\"159\" height=\"159\" srcset=\"https:\/\/assos.utc.fr\/nutrition\/wp-content\/uploads\/2022\/03\/man-cook-emoji-clipart-xl-300x300.png 300w, https:\/\/assos.utc.fr\/nutrition\/wp-content\/uploads\/2022\/03\/man-cook-emoji-clipart-xl-150x150.png 150w, https:\/\/assos.utc.fr\/nutrition\/wp-content\/uploads\/2022\/03\/man-cook-emoji-clipart-xl-768x768.png 768w, https:\/\/assos.utc.fr\/nutrition\/wp-content\/uploads\/2022\/03\/man-cook-emoji-clipart-xl-1024x1024.png 1024w, https:\/\/assos.utc.fr\/nutrition\/wp-content\/uploads\/2022\/03\/man-cook-emoji-clipart-xl-1140x1140.png 1140w, https:\/\/assos.utc.fr\/nutrition\/wp-content\/uploads\/2022\/03\/man-cook-emoji-clipart-xl-75x75.png 75w, https:\/\/assos.utc.fr\/nutrition\/wp-content\/uploads\/2022\/03\/man-cook-emoji-clipart-xl.png 1920w\" sizes=\"auto, (max-width: 159px) 100vw, 159px\" \/><\/p>\n<p>&nbsp;<\/p>\n<p><strong>Le premier atelier aura lieu le 06\/04<\/strong><\/p>\n<ul>\n<li>Qu&rsquo;est-ce que c&rsquo;est?<\/li>\n<\/ul>\n<p>Ce sont des ateliers durant lesquels un petit groupe de\u00a05 participant.e.s sont accompagn\u00e9.e.s de 2 animateur.ice.s pour r\u00e9aliser des recettes v\u00e9g\u00e9tales qu&rsquo;iels auront choisies au pr\u00e9alable parmi une s\u00e9lection, suivies d&rsquo;une d\u00e9gustation des r\u00e9alisations. La place, au prix de 5 \u20ac, est mise en vente sur la billetterie la semaine pr\u00e9c\u00e9dant l&rsquo;atelier.<\/p>\n<ul>\n<li>Quand et o\u00f9?<\/li>\n<\/ul>\n<p>Ils ont lieu une fois par mois au centre d&rsquo;innovation le soir en semaine de 19h \u00e0 22h.<\/p>\n<p>&nbsp;<\/p>\n<p>Si l&rsquo;id\u00e9e te tente, que tu adores cuisiner ou que tu as envie d&rsquo;apprendre, n&rsquo;h\u00e9site plus! Il y en aura plusieurs pendant le semestre mais les places sont tr\u00e8s limit\u00e9es, nous ouvrons pour l&rsquo;instant les ateliers \u00e0 5 personnes!<\/p>\n<p>Tu pourras retrouver des photos de ce que l&rsquo;\u00e9quipe a cuisin\u00e9 directement ici ou sur les r\u00e9seaux sociaux!<\/p>\n<p>&nbsp;<\/p>\n<hr \/>\n<p>&nbsp;<\/p>\n<h3 style=\"text-align: center;\"><strong>PROJECTIONS DE FILMS<\/strong><\/h3>\n<p style=\"text-align: center;\"><img loading=\"lazy\" decoding=\"async\" class=\"wp-image-232 aligncenter\" src=\"https:\/\/assos.utc.fr\/caccarotte\/wp-content\/uploads\/2022\/03\/film-camera-clipart-xl-300x296.png\" alt=\"\" width=\"116\" height=\"114\" srcset=\"https:\/\/assos.utc.fr\/nutrition\/wp-content\/uploads\/2022\/03\/film-camera-clipart-xl-300x296.png 300w, https:\/\/assos.utc.fr\/nutrition\/wp-content\/uploads\/2022\/03\/film-camera-clipart-xl-768x759.png 768w, https:\/\/assos.utc.fr\/nutrition\/wp-content\/uploads\/2022\/03\/film-camera-clipart-xl-1024x1012.png 1024w, https:\/\/assos.utc.fr\/nutrition\/wp-content\/uploads\/2022\/03\/film-camera-clipart-xl-1140x1126.png 1140w, https:\/\/assos.utc.fr\/nutrition\/wp-content\/uploads\/2022\/03\/film-camera-clipart-xl-75x75.png 75w, https:\/\/assos.utc.fr\/nutrition\/wp-content\/uploads\/2022\/03\/film-camera-clipart-xl.png 1920w\" sizes=\"auto, (max-width: 116px) 100vw, 116px\" \/><\/p>\n<p>&nbsp;<\/p>\n<p><strong>La premi\u00e8re projection aura lieu \u00e0 l&rsquo;occasion de la SEDD le lundi 04\/04 \u00e0 19h<\/strong> (Save the date!)\u00a0en partenariat avec Cin\u00e9m&rsquo;UTC avec le film <strong>Okja<\/strong>! Le lieu vous sera communiqu\u00e9 juste avant l&rsquo;\u00e9v\u00e8nement, (Stay in touch!)<\/p>\n<p><img loading=\"lazy\" decoding=\"async\" class=\"wp-image-229 aligncenter\" src=\"https:\/\/assos.utc.fr\/caccarotte\/wp-content\/uploads\/2022\/03\/okja-203x300.jpg\" alt=\"\" width=\"217\" height=\"321\" srcset=\"https:\/\/assos.utc.fr\/nutrition\/wp-content\/uploads\/2022\/03\/okja-203x300.jpg 203w, https:\/\/assos.utc.fr\/nutrition\/wp-content\/uploads\/2022\/03\/okja-691x1024.jpg 691w, https:\/\/assos.utc.fr\/nutrition\/wp-content\/uploads\/2022\/03\/okja.jpg 729w\" sizes=\"auto, (max-width: 217px) 100vw, 217px\" \/><\/p>\n<p>&nbsp;<\/p>\n<p>&nbsp;<\/p>\n<ul>\n<li>Qu&rsquo;est-ce que c&rsquo;est?<\/li>\n<\/ul>\n<p>Les projections de films sont organis\u00e9s ponctuellement dans le but de sensibiliser \u00e0 des th\u00e9matiques autour de l&rsquo;alimentation et la consommation en g\u00e9n\u00e9ral : Notre impact sur l&rsquo;environnement et les \u00e9cosyst\u00e8mes, l&rsquo;\u00e9thique li\u00e9 aux animaux avec l&rsquo;agriculture et l&rsquo;\u00e9levage intensifs, l&rsquo;impact qu&rsquo;a notre alimentation sur notre sant\u00e9, et pleins d&rsquo;autres th\u00e9matiques passionantes! La projection du film sera suivi d&rsquo;un ap\u00e9ro-discussion pour \u00e9changer ensemble nos avis et nos remarques sur le film et les id\u00e9es qu&rsquo;il a abord\u00e9es!<\/p>\n<ul>\n<li>Quand et o\u00f9?<\/li>\n<\/ul>\n<p>Des projections seront organis\u00e9es r\u00e9guli\u00e8rement et nous vous communiquerons les dates en temps et en heure!<\/p>\n<p>&nbsp;<\/p>\n<p>&nbsp;<\/p>\n<p>&nbsp;<\/p>\n<hr \/>\n<p>&nbsp;<\/p>\n<p>&nbsp;<\/p>\n<h3 style=\"text-align: center;\"><strong>DEGUSTATIONS<\/strong><\/h3>\n<p style=\"text-align: center;\"><img loading=\"lazy\" decoding=\"async\" class=\"wp-image-233 aligncenter\" src=\"https:\/\/assos.utc.fr\/caccarotte\/wp-content\/uploads\/2022\/03\/vegetables-clipart-xl-300x280.png\" alt=\"\" width=\"161\" height=\"150\" srcset=\"https:\/\/assos.utc.fr\/nutrition\/wp-content\/uploads\/2022\/03\/vegetables-clipart-xl-300x280.png 300w, https:\/\/assos.utc.fr\/nutrition\/wp-content\/uploads\/2022\/03\/vegetables-clipart-xl-768x717.png 768w, https:\/\/assos.utc.fr\/nutrition\/wp-content\/uploads\/2022\/03\/vegetables-clipart-xl-1024x956.png 1024w, https:\/\/assos.utc.fr\/nutrition\/wp-content\/uploads\/2022\/03\/vegetables-clipart-xl-1140x1065.png 1140w, https:\/\/assos.utc.fr\/nutrition\/wp-content\/uploads\/2022\/03\/vegetables-clipart-xl.png 1920w\" sizes=\"auto, (max-width: 161px) 100vw, 161px\" \/><\/p>\n<p>&nbsp;<\/p>\n<ul>\n<li>Qu&rsquo;est-ce que c&rsquo;est?<\/li>\n<\/ul>\n<p>Quelques d\u00e9gustations sont propos\u00e9es afin de faire d\u00e9couvrir les produits des paniers distribu\u00e9s lors des ventes N&rsquo;UTrition, ainsi que des r\u00e9alisations maison \u00e0 partir de ces produits.<\/p>\n<ul>\n<li>Quand et o\u00f9?<\/li>\n<\/ul>\n<p>&nbsp;<\/p>\n<hr \/>\n<p>&nbsp;<\/p>\n<p>&nbsp;<\/p>\n<h3 style=\"text-align: center;\"><strong>STANDS AUX EVENEMENTS<\/strong><\/h3>\n<p style=\"text-align: center;\"><img loading=\"lazy\" decoding=\"async\" class=\"wp-image-234 aligncenter\" src=\"https:\/\/assos.utc.fr\/caccarotte\/wp-content\/uploads\/2022\/03\/decorations-clipart-xl-300x216.png\" alt=\"\" width=\"210\" height=\"151\" srcset=\"https:\/\/assos.utc.fr\/nutrition\/wp-content\/uploads\/2022\/03\/decorations-clipart-xl-300x216.png 300w, https:\/\/assos.utc.fr\/nutrition\/wp-content\/uploads\/2022\/03\/decorations-clipart-xl-768x553.png 768w, https:\/\/assos.utc.fr\/nutrition\/wp-content\/uploads\/2022\/03\/decorations-clipart-xl-1024x738.png 1024w, https:\/\/assos.utc.fr\/nutrition\/wp-content\/uploads\/2022\/03\/decorations-clipart-xl-1140x821.png 1140w, https:\/\/assos.utc.fr\/nutrition\/wp-content\/uploads\/2022\/03\/decorations-clipart-xl.png 1920w\" sizes=\"auto, (max-width: 210px) 100vw, 210px\" \/><\/p>\n<p>&nbsp;<\/p>\n<p>&nbsp;<\/p>\n<ul>\n<li>Qu&rsquo;est-ce que c&rsquo;est?<\/li>\n<\/ul>\n<p>Nous tiendront des stands pour repr\u00e9senter notre association lors d\u2019\u00e9v\u00e9nements festifs (IF, PMDE, Voie du Houblon, Raid&rsquo;UT&#8230;). Nous te proposerons des jeux et ateliers sur place autour de l&rsquo;alimentation. Mon petit doigt me dit que tu pourras aussi bien manger si tu viens nous voir \u00e0 nos stands! (g\u00e2teaux faits maison, recettes v\u00e9g\u00e9 avec toutes sortes de produits locaux). On a h\u00e2te de t&rsquo;y retrouver!<\/p>\n<ul>\n<li>Quand et o\u00f9?<\/li>\n<\/ul>\n<p>&nbsp;<\/p>\n<p>L&rsquo;Imaginarium Festival : Le we du 5-6 juin 2022 au Tigre<\/p>\n<p>La semaine du PMDE :<\/p>\n<p>La Voie du Houblon :<\/p>\n<p>Raid&rsquo;UT :<\/p>\n<p>&nbsp;<\/p>\n<p>&nbsp;<\/p>\n<p>&nbsp;<\/p>\n<p>&nbsp;<\/p>\n","protected":false},"excerpt":{"rendered":"<p>\u00a0C&rsquo;est ici que tu vas trouver toutes les informations concernant les animations organis\u00e9es par N&rsquo;UTrition. Une team anim&rsquo; est l\u00e0 sp\u00e9cialement pour te proposer tout au long du semestre des ateliers, animations de tout genre et jeux autour de th\u00e9matiques qui nous tiennent \u00e0 coeur : La consommation raisonn\u00e9e, le v\u00e9g\u00e9tarianisme, le respect de l&rsquo;environnement, le bien-\u00eatre animal&#8230; Tu retrouveras sur cette m\u00eame page des r\u00e9capitulatifs, photos, vid\u00e9os et retours sur les animations qui ont \u00e9t\u00e9 faites! &nbsp; LES ATELIERS CUISINE &nbsp; Le premier atelier aura lieu le 06\/04 Qu&rsquo;est-ce que c&rsquo;est? Ce sont des ateliers durant lesquels un petit groupe de\u00a05 participant.e.s sont accompagn\u00e9.e.s de 2 animateur.ice.s pour r\u00e9aliser des recettes v\u00e9g\u00e9tales qu&rsquo;iels auront choisies au pr\u00e9alable parmi une s\u00e9lection, suivies d&rsquo;une d\u00e9gustation des r\u00e9alisations. La place, au prix de 5 \u20ac, est mise en vente sur la billetterie la semaine pr\u00e9c\u00e9dant l&rsquo;atelier. Quand et o\u00f9? Ils ont lieu une fois par mois au centre d&rsquo;innovation le soir en semaine de 19h \u00e0 22h. &nbsp; Si l&rsquo;id\u00e9e te tente, que tu adores cuisiner ou que tu as envie d&rsquo;apprendre, n&rsquo;h\u00e9site plus! Il y en aura plusieurs pendant le semestre mais les places sont tr\u00e8s limit\u00e9es, nous ouvrons pour l&rsquo;instant les ateliers \u00e0 5 personnes! Tu pourras retrouver des photos de ce que l&rsquo;\u00e9quipe a cuisin\u00e9 directement ici ou sur les r\u00e9seaux sociaux! &nbsp; &nbsp; PROJECTIONS DE FILMS &nbsp; La premi\u00e8re projection aura lieu \u00e0 l&rsquo;occasion de la SEDD le lundi 04\/04 \u00e0 19h (Save the date!)\u00a0en partenariat avec Cin\u00e9m&rsquo;UTC avec le film Okja! Le lieu vous sera communiqu\u00e9 juste avant l&rsquo;\u00e9v\u00e8nement, (Stay in touch!) &nbsp; &nbsp; Qu&rsquo;est-ce que c&rsquo;est? Les projections de films sont organis\u00e9s ponctuellement dans le but de sensibiliser \u00e0 des th\u00e9matiques autour de l&rsquo;alimentation et la consommation en g\u00e9n\u00e9ral : Notre impact sur l&rsquo;environnement et les \u00e9cosyst\u00e8mes, l&rsquo;\u00e9thique li\u00e9 aux animaux avec l&rsquo;agriculture et l&rsquo;\u00e9levage intensifs, l&rsquo;impact qu&rsquo;a notre alimentation sur notre sant\u00e9, et pleins d&rsquo;autres th\u00e9matiques passionantes! La projection du film sera suivi d&rsquo;un ap\u00e9ro-discussion pour \u00e9changer ensemble nos avis et nos remarques sur le film et les id\u00e9es qu&rsquo;il a abord\u00e9es! Quand et o\u00f9? Des projections seront organis\u00e9es r\u00e9guli\u00e8rement et nous vous communiquerons les dates en temps et en heure! &nbsp; &nbsp; &nbsp; &nbsp; &nbsp; DEGUSTATIONS &nbsp; Qu&rsquo;est-ce que c&rsquo;est? Quelques d\u00e9gustations sont propos\u00e9es afin de faire d\u00e9couvrir les produits des paniers distribu\u00e9s lors des ventes N&rsquo;UTrition, ainsi que des r\u00e9alisations maison \u00e0 partir de ces produits. Quand et o\u00f9? &nbsp; &nbsp; &nbsp; STANDS AUX EVENEMENTS &nbsp; &nbsp; Qu&rsquo;est-ce que c&rsquo;est? Nous tiendront des stands pour repr\u00e9senter notre association lors d\u2019\u00e9v\u00e9nements festifs (IF, PMDE, Voie du Houblon, Raid&rsquo;UT&#8230;). Nous te proposerons des jeux et ateliers sur place autour de l&rsquo;alimentation. Mon petit doigt me dit que tu pourras aussi bien manger si tu viens nous voir \u00e0 nos stands! (g\u00e2teaux faits maison, recettes v\u00e9g\u00e9 avec toutes sortes de produits locaux). On a h\u00e2te de t&rsquo;y retrouver! Quand et o\u00f9? &nbsp; L&rsquo;Imaginarium Festival : Le we du 5-6 juin 2022 au Tigre La semaine du PMDE : La Voie du Houblon : Raid&rsquo;UT : &nbsp; &nbsp; &nbsp; &nbsp;<\/p>\n","protected":false},"author":1,"featured_media":0,"parent":0,"menu_order":0,"comment_status":"closed","ping_status":"closed","template":"","meta":{"footnotes":""},"class_list":["post-218","page","type-page","status-publish","hentry"],"_links":{"self":[{"href":"https:\/\/assos.utc.fr\/nutrition\/wp-json\/wp\/v2\/pages\/218","targetHints":{"allow":["GET"]}}],"collection":[{"href":"https:\/\/assos.utc.fr\/nutrition\/wp-json\/wp\/v2\/pages"}],"about":[{"href":"https:\/\/assos.utc.fr\/nutrition\/wp-json\/wp\/v2\/types\/page"}],"author":[{"embeddable":true,"href":"https:\/\/assos.utc.fr\/nutrition\/wp-json\/wp\/v2\/users\/1"}],"replies":[{"embeddable":true,"href":"https:\/\/assos.utc.fr\/nutrition\/wp-json\/wp\/v2\/comments?post=218"}],"version-history":[{"count":0,"href":"https:\/\/assos.utc.fr\/nutrition\/wp-json\/wp\/v2\/pages\/218\/revisions"}],"wp:attachment":[{"href":"https:\/\/assos.utc.fr\/nutrition\/wp-json\/wp\/v2\/media?parent=218"}],"curies":[{"name":"wp","href":"https:\/\/api.w.org\/{rel}","templated":true}]}}